{"id":2247,"date":"2024-09-15T18:05:51","date_gmt":"2024-09-15T20:05:51","guid":{"rendered":"https:\/\/osman-lawfirm.com\/?page_id=2247"},"modified":"2024-09-17T10:50:50","modified_gmt":"2024-09-17T12:50:50","slug":"mohab-osman","status":"publish","type":"page","link":"https:\/\/osman-lawfirm.com\/fr\/mohab-osman\/","title":{"rendered":"Mohab Osman"},"content":{"rendered":"<div class=\"wpb-content-wrapper\"><div data-vc-full-width=\"true\" data-vc-full-width-init=\"false\" data-vc-stretch-content=\"true\" class=\"vc_row wpb_row vc_row-fluid vc_custom_1726429201487 vc_row-no-padding vc_row-o-content-middle vc_row-flex bg-image-ps-inherit\"><div class=\"wpb_column vc_column_container vc_col-sm-12 vc_col-lg-6 vc_col-md-6 rm-padding-lg col-offset-left\"><div class=\"vc_column-inner vc_custom_1551625642296\"><div class=\"wpb_wrapper\"><div id=\"ct-heading\" class=\"ct-heading  style1 align-left align-left-md align-left-sm align-left-xs\">\n    \n            <style type=\"text\/css\">\n            @media (min-width: 768px) and (max-width: 991px) {\n                #ct-heading .ct-heading-tag {\n                                            font-size: 24px !important;\n                                                        }\n            }\n        <\/style>\n    \n            <style type=\"text\/css\">\n            @media screen and (max-width: 767px) {\n                #ct-heading .ct-heading-tag {\n                                            font-size: 24px !important;\n                                                        }\n            }\n        <\/style>\n                <div class=\"ct-heading-sub\" style=\"color:#0a0a0a;\">\n            <span style=\"background-color:#0a0a0a;\"><\/span>\n            A propos de        <\/div>\n            <h3 class=\"ct-heading-tag\" style=\"margin-bottom:0px; \">\n                                    <cite>Mohab Mohamed Osman<\/cite>                        <\/h3>\n            <div class=\"h-gap\">\n            <span>\n                <i ><\/i>\n                <i ><\/i>\n                <i ><\/i>\n                <i ><\/i>\n            <\/span>\n        <\/div>\n        <\/div>\n\t<div class=\"wpb_text_column wpb_content_element vc_custom_1726577448409 text-block1\" >\n\t\t<div class=\"wpb_wrapper\">\n\t\t\t<p>Mohab Osman est un \u00e9minent avocat et conseiller juridique \u00e9gyptien qui poss\u00e8de une grande expertise en mati\u00e8re de droit du sport et d'arbitrage international. Il est conseiller juridique du club Al Ahly, l'un des plus grands clubs sportifs d'\u00c9gypte, o\u00f9 il s'occupe de diverses questions juridiques, notamment de litiges avec des joueurs et d'autres clubs, de n\u00e9gociations de contrats et de d\u00e9cisions internationales.<\/p>\n<p>Dipl\u00f4m\u00e9 en droit du sport et en administration de la FIFA, Osman poss\u00e8de des qualifications qui renforcent sa capacit\u00e9 \u00e0 g\u00e9rer des affaires complexes. Il a jou\u00e9 un r\u00f4le important dans des affaires tr\u00e8s m\u00e9diatis\u00e9es, o\u00f9 il a r\u00e9ussi \u00e0 clarifier la position juridique d'Al Ahly devant le Tribunal arbitral du sport (TAS). Son travail se concentre sur la protection des droits l\u00e9gaux d'Al Ahly et sur le respect des r\u00e9glementations locales et internationales.<\/p>\n<p>Connu pour ses grandes comp\u00e9tences juridiques, son exp\u00e9rience des n\u00e9gociations strat\u00e9giques et sa d\u00e9fense acharn\u00e9e des int\u00e9r\u00eats d'Al Ahly, Mohab Osman est tr\u00e8s respect\u00e9 dans les milieux sportifs et juridiques en \u00c9gypte. Sa r\u00e9putation repose sur son expertise dans la r\u00e9solution de litiges juridiques complexes et sur son engagement \u00e0 d\u00e9fendre les droits du club.<\/p>\n\n\t\t<\/div>\n\t<\/div>\n<\/div><\/div><\/div><div class=\"wpb_animate_when_almost_visible wpb_fadeInRight fadeInRight wpb_column vc_column_container vc_col-sm-12 vc_col-lg-6 vc_col-md-6 rm-padding-lg\"><div class=\"vc_column-inner vc_custom_1551949279230\"><div class=\"wpb_wrapper\"><div id=\"ct-box-bg-6a01e5608b939\" class=\"ct-box-bg bg-image\" style=\"background-image: url(https:\/\/osman-lawfirm.com\/wp-content\/uploads\/2024\/09\/mohab-1-1.jpg);\">\n    <style type=\"text\/css\">\n                    @media screen and (min-width: 768px) {\n                #ct-box-bg-6a01e5608b939 {\n                    height: 551px;\n                }\n            }\n        \n                    @media screen and (max-width: 767px) {\n                #ct-box-bg-6a01e5608b939 {\n                    height: 350px;\n                }\n            }\n            <\/style>\n    <\/div><\/div><\/div><\/div><\/div><div class=\"vc_row-full-width vc_clearfix\"><\/div>\n<\/div>","protected":false},"excerpt":{"rendered":"About Mohab Mohamed Osman Mohab Osman is a prominent Egyptian lawyer and legal advisor with extensive expertise in sports law and international arbitration. He works as the legal advisor for Al Ahly Club, one of Egypt's largest sports clubs, where he handles various legal issues, including disputes with players and other clubs, contract negotiations, and [...]","protected":false},"author":1,"featured_media":0,"parent":0,"menu_order":0,"comment_status":"closed","ping_status":"closed","template":"","meta":{"footnotes":""},"class_list":["post-2247","page","type-page","status-publish","hentry"],"_links":{"self":[{"href":"https:\/\/osman-lawfirm.com\/fr\/wp-json\/wp\/v2\/pages\/2247"}],"collection":[{"href":"https:\/\/osman-lawfirm.com\/fr\/wp-json\/wp\/v2\/pages"}],"about":[{"href":"https:\/\/osman-lawfirm.com\/fr\/wp-json\/wp\/v2\/types\/page"}],"author":[{"embeddable":true,"href":"https:\/\/osman-lawfirm.com\/fr\/wp-json\/wp\/v2\/users\/1"}],"replies":[{"embeddable":true,"href":"https:\/\/osman-lawfirm.com\/fr\/wp-json\/wp\/v2\/comments?post=2247"}],"version-history":[{"count":9,"href":"https:\/\/osman-lawfirm.com\/fr\/wp-json\/wp\/v2\/pages\/2247\/revisions"}],"predecessor-version":[{"id":2275,"href":"https:\/\/osman-lawfirm.com\/fr\/wp-json\/wp\/v2\/pages\/2247\/revisions\/2275"}],"wp:attachment":[{"href":"https:\/\/osman-lawfirm.com\/fr\/wp-json\/wp\/v2\/media?parent=2247"}],"curies":[{"name":"wp","href":"https:\/\/api.w.org\/{rel}","templated":true}]}}