{"id":2233,"date":"2024-09-15T17:37:33","date_gmt":"2024-09-15T19:37:33","guid":{"rendered":"https:\/\/osman-lawfirm.com\/?page_id=2233"},"modified":"2024-09-16T15:26:19","modified_gmt":"2024-09-16T17:26:19","slug":"mohamed-osman","status":"publish","type":"page","link":"https:\/\/osman-lawfirm.com\/fr\/mohamed-osman\/","title":{"rendered":"Mohamed Osman"},"content":{"rendered":"<div class=\"wpb-content-wrapper\"><div data-vc-full-width=\"true\" data-vc-full-width-init=\"false\" data-vc-stretch-content=\"true\" class=\"vc_row wpb_row vc_row-fluid vc_custom_1726429201487 vc_row-no-padding vc_row-o-content-middle vc_row-flex bg-image-ps-inherit\"><div class=\"wpb_column vc_column_container vc_col-sm-12 vc_col-lg-6 vc_col-md-6 rm-padding-lg col-offset-left\"><div class=\"vc_column-inner vc_custom_1551625642296\"><div class=\"wpb_wrapper\"><div id=\"ct-heading\" class=\"ct-heading  style1 align-left align-left-md align-left-sm align-left-xs\">\n    \n            <style type=\"text\/css\">\n            @media (min-width: 768px) and (max-width: 991px) {\n                #ct-heading .ct-heading-tag {\n                                            font-size: 24px !important;\n                                                        }\n            }\n        <\/style>\n    \n            <style type=\"text\/css\">\n            @media screen and (max-width: 767px) {\n                #ct-heading .ct-heading-tag {\n                                            font-size: 24px !important;\n                                                        }\n            }\n        <\/style>\n                <div class=\"ct-heading-sub\" style=\"color:#0a0a0a;\">\n            <span style=\"background-color:#0a0a0a;\"><\/span>\n            A propos de        <\/div>\n            <h3 class=\"ct-heading-tag\" style=\"margin-bottom:0px; \">\n                                     <cite>Conseiller\/ Mohamed Osman<\/cite>                        <\/h3>\n            <div class=\"h-gap\">\n            <span>\n                <i ><\/i>\n                <i ><\/i>\n                <i ><\/i>\n                <i ><\/i>\n            <\/span>\n        <\/div>\n        <\/div>\n\t<div class=\"wpb_text_column wpb_content_element vc_custom_1726430475837 text-block1\" >\n\t\t<div class=\"wpb_wrapper\">\n\t\t\t<p>Mohamed Osman est un \u00e9minent avocat, homme politique et syndicaliste \u00e9gyptien. Il a \u00e9t\u00e9 \u00e0 la t\u00eate de l'association du barreau du Caire de 2011 \u00e0 2016 et a \u00e9t\u00e9 une figure importante du mouvement \u00e9tudiant des ann\u00e9es 1980.<\/p>\n<p>Dans le domaine du droit du sport, Mohamed Osman est consid\u00e9r\u00e9 comme l'un des plus grands experts juridiques d'\u00c9gypte. Il est notamment associ\u00e9 au club Al Ahly, dont il a \u00e9t\u00e9 le conseiller juridique et qu'il a repr\u00e9sent\u00e9 dans divers litiges devant des instances nationales et internationales, dont la FIFA et le Tribunal international d'arbitrage du sport (TAS). Ses responsabilit\u00e9s comprennent la gestion des litiges contractuels, la fourniture de conseils juridiques et la protection des droits d'Al Ahly.<\/p>\n<p>La r\u00e9putation d'Mohamed Osman s'\u00e9tend au-del\u00e0 du domaine juridique, puisqu'il appara\u00eet fr\u00e9quemment \u00e0 la t\u00e9l\u00e9vision et dans des interviews avec les m\u00e9dias en tant qu'analyste juridique, offrant des points de vue sur des questions juridiques li\u00e9es au sport.<\/p>\n\n\t\t<\/div>\n\t<\/div>\n<\/div><\/div><\/div><div class=\"wpb_animate_when_almost_visible wpb_fadeInRight fadeInRight wpb_column vc_column_container vc_col-sm-12 vc_col-lg-6 vc_col-md-6 rm-padding-lg\"><div class=\"vc_column-inner vc_custom_1551949279230\"><div class=\"wpb_wrapper\"><div id=\"ct-box-bg-6a01e55e5b695\" class=\"ct-box-bg bg-image\" style=\"background-image: url(https:\/\/osman-lawfirm.com\/wp-content\/uploads\/2024\/09\/osman-about1-1.jpg);\">\n    <style type=\"text\/css\">\n                    @media screen and (min-width: 768px) {\n                #ct-box-bg-6a01e55e5b695 {\n                    height: 551px;\n                }\n            }\n        \n                    @media screen and (max-width: 767px) {\n                #ct-box-bg-6a01e55e5b695 {\n                    height: 350px;\n                }\n            }\n            <\/style>\n    <\/div><\/div><\/div><\/div><\/div><div class=\"vc_row-full-width vc_clearfix\"><\/div>\n<\/div>","protected":false},"excerpt":{"rendered":"About Counselor Mohamed Osman Mohamed Osman is a distinguished Egyptian lawyer, politician, and trade unionist. He served as the head of the Cairo Bar Association from 2011 to 2016 and was a prominent figure in the student movement of the 1980s. In the realm of sports law, Osman is considered one of Egypt's foremost legal [...]","protected":false},"author":1,"featured_media":0,"parent":0,"menu_order":0,"comment_status":"closed","ping_status":"closed","template":"","meta":{"footnotes":""},"class_list":["post-2233","page","type-page","status-publish","hentry"],"_links":{"self":[{"href":"https:\/\/osman-lawfirm.com\/fr\/wp-json\/wp\/v2\/pages\/2233"}],"collection":[{"href":"https:\/\/osman-lawfirm.com\/fr\/wp-json\/wp\/v2\/pages"}],"about":[{"href":"https:\/\/osman-lawfirm.com\/fr\/wp-json\/wp\/v2\/types\/page"}],"author":[{"embeddable":true,"href":"https:\/\/osman-lawfirm.com\/fr\/wp-json\/wp\/v2\/users\/1"}],"replies":[{"embeddable":true,"href":"https:\/\/osman-lawfirm.com\/fr\/wp-json\/wp\/v2\/comments?post=2233"}],"version-history":[{"count":13,"href":"https:\/\/osman-lawfirm.com\/fr\/wp-json\/wp\/v2\/pages\/2233\/revisions"}],"predecessor-version":[{"id":2265,"href":"https:\/\/osman-lawfirm.com\/fr\/wp-json\/wp\/v2\/pages\/2233\/revisions\/2265"}],"wp:attachment":[{"href":"https:\/\/osman-lawfirm.com\/fr\/wp-json\/wp\/v2\/media?parent=2233"}],"curies":[{"name":"wp","href":"https:\/\/api.w.org\/{rel}","templated":true}]}}